{"id":23,"date":"2025-01-20T19:21:38","date_gmt":"2025-01-20T19:21:38","guid":{"rendered":"https:\/\/licenciadoevolua.com\/n1\/?page_id=23"},"modified":"2025-02-03T16:52:34","modified_gmt":"2025-02-03T16:52:34","slug":"terapia-para-adultos-e-idosos","status":"publish","type":"page","link":"https:\/\/licenciadoevolua.com\/n1\/terapia-para-adultos-e-idosos\/","title":{"rendered":"Terapia para Adultos e Idosos"},"content":{"rendered":"\t\t<div data-elementor-type=\"wp-page\" data-elementor-id=\"23\" class=\"elementor elementor-23\" data-elementor-post-type=\"page\">\n\t\t\t\t<div class=\"elementor-element elementor-element-7c81ad8 e-flex e-con-boxed wpr-particle-no wpr-jarallax-no wpr-parallax-no wpr-sticky-section-no wpr-equal-height-no e-con e-parent\" data-id=\"7c81ad8\" data-element_type=\"container\" data-e-type=\"container\" data-settings=\"{&quot;background_background&quot;:&quot;classic&quot;}\">\n\t\t\t\t\t<div class=\"e-con-inner\">\n\t\t\t\t<div class=\"elementor-element elementor-element-daa25b3 elementor-widget elementor-widget-heading\" data-id=\"daa25b3\" data-element_type=\"widget\" data-e-type=\"widget\" data-widget_type=\"heading.default\">\n\t\t\t\t<div class=\"elementor-widget-container\">\n\t\t\t\t\t<h2 class=\"elementor-heading-title elementor-size-default\">Terapia para Adultos e Idosos<\/h2>\t\t\t\t<\/div>\n\t\t\t\t<\/div>\n\t\t\t\t\t<\/div>\n\t\t\t\t<\/div>\n\t\t<div class=\"elementor-element elementor-element-1777c1e e-flex e-con-boxed wpr-particle-no wpr-jarallax-no wpr-parallax-no wpr-sticky-section-no wpr-equal-height-no e-con e-parent\" data-id=\"1777c1e\" data-element_type=\"container\" data-e-type=\"container\">\n\t\t\t\t\t<div class=\"e-con-inner\">\n\t\t<div class=\"elementor-element elementor-element-f02073b e-con-full animated-slow e-flex wpr-particle-no wpr-jarallax-no wpr-parallax-no wpr-sticky-section-no wpr-equal-height-no elementor-invisible e-con e-child\" data-id=\"f02073b\" data-element_type=\"container\" data-e-type=\"container\" data-settings=\"{&quot;animation&quot;:&quot;slideInLeft&quot;}\">\n\t\t\t\t<div class=\"elementor-element elementor-element-52d7316 elementor-widget elementor-widget-heading\" data-id=\"52d7316\" data-element_type=\"widget\" data-e-type=\"widget\" data-widget_type=\"heading.default\">\n\t\t\t\t<div class=\"elementor-widget-container\">\n\t\t\t\t\t<h2 class=\"elementor-heading-title elementor-size-default\">Terapia para adultos e idosos<\/h2>\t\t\t\t<\/div>\n\t\t\t\t<\/div>\n\t\t\t\t<div class=\"elementor-element elementor-element-04157f4 elementor-widget__width-initial elementor-widget elementor-widget-text-editor\" data-id=\"04157f4\" data-element_type=\"widget\" data-e-type=\"widget\" data-widget_type=\"text-editor.default\">\n\t\t\t\t<div class=\"elementor-widget-container\">\n\t\t\t\t\t\t\t\t\t<p>O atendimento psicol\u00f3gico de abordagem psicanal\u00edtica para adultos e idosos oferece um espa\u00e7o de reflex\u00e3o e escuta ativa para lidar com os desafios das diferentes fases da vida. Quest\u00f5es como relacionamentos, carreira, perdas, luto, mudan\u00e7as significativas e conflitos internos s\u00e3o exploradas com profundidade, respeitando a singularidade de cada indiv\u00edduo.<\/p><p>Atrav\u00e9s do processo terap\u00eautico, busca-se promover maior compreens\u00e3o de si mesmo, desenvolvimento emocional e ressignifica\u00e7\u00e3o de experi\u00eancias, proporcionando mais equil\u00edbrio e qualidade de vida.<\/p>\t\t\t\t\t\t\t\t<\/div>\n\t\t\t\t<\/div>\n\t\t\t\t<div class=\"elementor-element elementor-element-50c2354 elementor-widget elementor-widget-button\" data-id=\"50c2354\" data-element_type=\"widget\" data-e-type=\"widget\" data-widget_type=\"button.default\">\n\t\t\t\t<div class=\"elementor-widget-container\">\n\t\t\t\t\t\t\t\t\t<div class=\"elementor-button-wrapper\">\n\t\t\t\t\t<a class=\"elementor-button elementor-button-link elementor-size-sm\" href=\"https:\/\/wa.me\/5516991989868?text=Ol%C3%A1%2C%20gostaria%20de%20realizar%20um%20agendamento.\" target=\"_blank\">\n\t\t\t\t\t\t<span class=\"elementor-button-content-wrapper\">\n\t\t\t\t\t\t\t\t\t<span class=\"elementor-button-text\">Agende sua consulta<\/span>\n\t\t\t\t\t<\/span>\n\t\t\t\t\t<\/a>\n\t\t\t\t<\/div>\n\t\t\t\t\t\t\t\t<\/div>\n\t\t\t\t<\/div>\n\t\t\t\t<\/div>\n\t\t\t\t<div class=\"elementor-element elementor-element-33af592 elementor-widget elementor-widget-image\" data-id=\"33af592\" data-element_type=\"widget\" data-e-type=\"widget\" data-widget_type=\"image.default\">\n\t\t\t\t<div class=\"elementor-widget-container\">\n\t\t\t\t\t\t\t\t\t\t\t\t\t\t\t<img fetchpriority=\"high\" decoding=\"async\" width=\"800\" height=\"581\" src=\"https:\/\/licenciadoevolua.com\/n1\/wp-content\/uploads\/2025\/01\/Sem-Titulo-2edfe.webp\" class=\"attachment-large size-large wp-image-1041\" alt=\"\" srcset=\"https:\/\/licenciadoevolua.com\/n1\/wp-content\/uploads\/2025\/01\/Sem-Titulo-2edfe.webp 930w, https:\/\/licenciadoevolua.com\/n1\/wp-content\/uploads\/2025\/01\/Sem-Titulo-2edfe-300x218.webp 300w, https:\/\/licenciadoevolua.com\/n1\/wp-content\/uploads\/2025\/01\/Sem-Titulo-2edfe-768x557.webp 768w\" sizes=\"(max-width: 800px) 100vw, 800px\" \/>\t\t\t\t\t\t\t\t\t\t\t\t\t\t\t<\/div>\n\t\t\t\t<\/div>\n\t\t\t\t\t<\/div>\n\t\t\t\t<\/div>\n\t\t\t\t<\/div>\n\t\t","protected":false},"excerpt":{"rendered":"<p>Terapia para Adultos e Idosos Terapia para adultos e idosos O atendimento psicol\u00f3gico de abordagem psicanal\u00edtica para adultos e idosos oferece um espa\u00e7o de reflex\u00e3o e escuta ativa para lidar com os desafios das diferentes fases da vida. Quest\u00f5es como relacionamentos, carreira, perdas, luto, mudan\u00e7as significativas e conflitos internos s\u00e3o exploradas com profundidade, respeitando a singularidade de cada indiv\u00edduo. Atrav\u00e9s do processo terap\u00eautico, busca-se promover maior compreens\u00e3o de si mesmo, desenvolvimento emocional e ressignifica\u00e7\u00e3o de experi\u00eancias, proporcionando mais equil\u00edbrio e qualidade de vida. Agende sua consulta<\/p>\n","protected":false},"author":1,"featured_media":0,"parent":0,"menu_order":0,"comment_status":"closed","ping_status":"closed","template":"","meta":{"_joinchat":[],"footnotes":""},"class_list":["post-23","page","type-page","status-publish","hentry"],"_links":{"self":[{"href":"https:\/\/licenciadoevolua.com\/n1\/wp-json\/wp\/v2\/pages\/23","targetHints":{"allow":["GET"]}}],"collection":[{"href":"https:\/\/licenciadoevolua.com\/n1\/wp-json\/wp\/v2\/pages"}],"about":[{"href":"https:\/\/licenciadoevolua.com\/n1\/wp-json\/wp\/v2\/types\/page"}],"author":[{"embeddable":true,"href":"https:\/\/licenciadoevolua.com\/n1\/wp-json\/wp\/v2\/users\/1"}],"replies":[{"embeddable":true,"href":"https:\/\/licenciadoevolua.com\/n1\/wp-json\/wp\/v2\/comments?post=23"}],"version-history":[{"count":73,"href":"https:\/\/licenciadoevolua.com\/n1\/wp-json\/wp\/v2\/pages\/23\/revisions"}],"predecessor-version":[{"id":1831,"href":"https:\/\/licenciadoevolua.com\/n1\/wp-json\/wp\/v2\/pages\/23\/revisions\/1831"}],"wp:attachment":[{"href":"https:\/\/licenciadoevolua.com\/n1\/wp-json\/wp\/v2\/media?parent=23"}],"curies":[{"name":"wp","href":"https:\/\/api.w.org\/{rel}","templated":true}]}}