{"id":21,"date":"2025-01-20T19:21:02","date_gmt":"2025-01-20T19:21:02","guid":{"rendered":"https:\/\/licenciadoevolua.com\/n1\/?page_id=21"},"modified":"2025-02-03T16:52:45","modified_gmt":"2025-02-03T16:52:45","slug":"terapia-para-adolescentes","status":"publish","type":"page","link":"https:\/\/licenciadoevolua.com\/n1\/terapia-para-adolescentes\/","title":{"rendered":"Terapia para Adolescentes"},"content":{"rendered":"\t\t<div data-elementor-type=\"wp-page\" data-elementor-id=\"21\" class=\"elementor elementor-21\" data-elementor-post-type=\"page\">\n\t\t\t\t<div class=\"elementor-element elementor-element-5bc0ce9 e-flex e-con-boxed wpr-particle-no wpr-jarallax-no wpr-parallax-no wpr-sticky-section-no wpr-equal-height-no e-con e-parent\" data-id=\"5bc0ce9\" data-element_type=\"container\" data-e-type=\"container\" data-settings=\"{&quot;background_background&quot;:&quot;classic&quot;}\">\n\t\t\t\t\t<div class=\"e-con-inner\">\n\t\t\t\t<div class=\"elementor-element elementor-element-9171765 elementor-widget elementor-widget-heading\" data-id=\"9171765\" data-element_type=\"widget\" data-e-type=\"widget\" data-widget_type=\"heading.default\">\n\t\t\t\t<div class=\"elementor-widget-container\">\n\t\t\t\t\t<h2 class=\"elementor-heading-title elementor-size-default\">Terapia para Adolescentes<\/h2>\t\t\t\t<\/div>\n\t\t\t\t<\/div>\n\t\t\t\t\t<\/div>\n\t\t\t\t<\/div>\n\t\t<div class=\"elementor-element elementor-element-0c3d3b1 e-flex e-con-boxed wpr-particle-no wpr-jarallax-no wpr-parallax-no wpr-sticky-section-no wpr-equal-height-no e-con e-parent\" data-id=\"0c3d3b1\" data-element_type=\"container\" data-e-type=\"container\">\n\t\t\t\t\t<div class=\"e-con-inner\">\n\t\t<div class=\"elementor-element elementor-element-02204af e-con-full animated-slow e-flex wpr-particle-no wpr-jarallax-no wpr-parallax-no wpr-sticky-section-no wpr-equal-height-no elementor-invisible e-con e-child\" data-id=\"02204af\" data-element_type=\"container\" data-e-type=\"container\" data-settings=\"{&quot;animation&quot;:&quot;slideInLeft&quot;}\">\n\t\t\t\t<div class=\"elementor-element elementor-element-84cecb1 elementor-widget elementor-widget-heading\" data-id=\"84cecb1\" data-element_type=\"widget\" data-e-type=\"widget\" data-widget_type=\"heading.default\">\n\t\t\t\t<div class=\"elementor-widget-container\">\n\t\t\t\t\t<h2 class=\"elementor-heading-title elementor-size-default\">Terapia para Adolescentes<\/h2>\t\t\t\t<\/div>\n\t\t\t\t<\/div>\n\t\t\t\t<div class=\"elementor-element elementor-element-22c0bd4 elementor-widget__width-initial elementor-widget elementor-widget-text-editor\" data-id=\"22c0bd4\" data-element_type=\"widget\" data-e-type=\"widget\" data-widget_type=\"text-editor.default\">\n\t\t\t\t<div class=\"elementor-widget-container\">\n\t\t\t\t\t\t\t\t\t<p>O atendimento psicol\u00f3gico de abordagem psicanal\u00edtica para adolescentes foca nas transforma\u00e7\u00f5es intensas dessa fase, que envolvem quest\u00f5es de identidade, autoestima, sentimentos, rela\u00e7\u00f5es interpessoais e constru\u00e7\u00e3o de autonomia. Nesse espa\u00e7o terap\u00eautico, o adolescente encontra acolhimento para expressar suas ang\u00fastias, d\u00favidas e conflitos, sem julgamentos.<\/p><p>A escuta atenta e emp\u00e1tica facilita a compreens\u00e3o das emo\u00e7\u00f5es e dos desafios enfrentados, promovendo o desenvolvimento de ferramentas internas para lidar com as complexidades dessa etapa da vida.<\/p>\t\t\t\t\t\t\t\t<\/div>\n\t\t\t\t<\/div>\n\t\t\t\t<div class=\"elementor-element elementor-element-40011be elementor-widget elementor-widget-button\" data-id=\"40011be\" data-element_type=\"widget\" data-e-type=\"widget\" data-widget_type=\"button.default\">\n\t\t\t\t<div class=\"elementor-widget-container\">\n\t\t\t\t\t\t\t\t\t<div class=\"elementor-button-wrapper\">\n\t\t\t\t\t<a class=\"elementor-button elementor-button-link elementor-size-sm\" href=\"https:\/\/wa.me\/5516991989868?text=Ol%C3%A1%2C%20gostaria%20de%20realizar%20um%20agendamento.\" target=\"_blank\">\n\t\t\t\t\t\t<span class=\"elementor-button-content-wrapper\">\n\t\t\t\t\t\t\t\t\t<span class=\"elementor-button-text\">Agende sua consulta<\/span>\n\t\t\t\t\t<\/span>\n\t\t\t\t\t<\/a>\n\t\t\t\t<\/div>\n\t\t\t\t\t\t\t\t<\/div>\n\t\t\t\t<\/div>\n\t\t\t\t<\/div>\n\t\t\t\t<div class=\"elementor-element elementor-element-098111b elementor-widget elementor-widget-image\" data-id=\"098111b\" data-element_type=\"widget\" data-e-type=\"widget\" data-widget_type=\"image.default\">\n\t\t\t\t<div class=\"elementor-widget-container\">\n\t\t\t\t\t\t\t\t\t\t\t\t\t\t\t<img fetchpriority=\"high\" decoding=\"async\" width=\"800\" height=\"581\" src=\"https:\/\/licenciadoevolua.com\/n1\/wp-content\/uploads\/2025\/01\/Sem-Titulo-2adfedw.webp\" class=\"attachment-large size-large wp-image-1037\" alt=\"\" srcset=\"https:\/\/licenciadoevolua.com\/n1\/wp-content\/uploads\/2025\/01\/Sem-Titulo-2adfedw.webp 930w, https:\/\/licenciadoevolua.com\/n1\/wp-content\/uploads\/2025\/01\/Sem-Titulo-2adfedw-300x218.webp 300w, https:\/\/licenciadoevolua.com\/n1\/wp-content\/uploads\/2025\/01\/Sem-Titulo-2adfedw-768x557.webp 768w\" sizes=\"(max-width: 800px) 100vw, 800px\" \/>\t\t\t\t\t\t\t\t\t\t\t\t\t\t\t<\/div>\n\t\t\t\t<\/div>\n\t\t\t\t\t<\/div>\n\t\t\t\t<\/div>\n\t\t\t\t<\/div>\n\t\t","protected":false},"excerpt":{"rendered":"<p>Terapia para Adolescentes Terapia para Adolescentes O atendimento psicol\u00f3gico de abordagem psicanal\u00edtica para adolescentes foca nas transforma\u00e7\u00f5es intensas dessa fase, que envolvem quest\u00f5es de identidade, autoestima, sentimentos, rela\u00e7\u00f5es interpessoais e constru\u00e7\u00e3o de autonomia. Nesse espa\u00e7o terap\u00eautico, o adolescente encontra acolhimento para expressar suas ang\u00fastias, d\u00favidas e conflitos, sem julgamentos. A escuta atenta e emp\u00e1tica facilita a compreens\u00e3o das emo\u00e7\u00f5es e dos desafios enfrentados, promovendo o desenvolvimento de ferramentas internas para lidar com as complexidades dessa etapa da vida. Agende sua consulta<\/p>\n","protected":false},"author":1,"featured_media":0,"parent":0,"menu_order":0,"comment_status":"closed","ping_status":"closed","template":"","meta":{"_joinchat":[],"footnotes":""},"class_list":["post-21","page","type-page","status-publish","hentry"],"_links":{"self":[{"href":"https:\/\/licenciadoevolua.com\/n1\/wp-json\/wp\/v2\/pages\/21","targetHints":{"allow":["GET"]}}],"collection":[{"href":"https:\/\/licenciadoevolua.com\/n1\/wp-json\/wp\/v2\/pages"}],"about":[{"href":"https:\/\/licenciadoevolua.com\/n1\/wp-json\/wp\/v2\/types\/page"}],"author":[{"embeddable":true,"href":"https:\/\/licenciadoevolua.com\/n1\/wp-json\/wp\/v2\/users\/1"}],"replies":[{"embeddable":true,"href":"https:\/\/licenciadoevolua.com\/n1\/wp-json\/wp\/v2\/comments?post=21"}],"version-history":[{"count":79,"href":"https:\/\/licenciadoevolua.com\/n1\/wp-json\/wp\/v2\/pages\/21\/revisions"}],"predecessor-version":[{"id":1834,"href":"https:\/\/licenciadoevolua.com\/n1\/wp-json\/wp\/v2\/pages\/21\/revisions\/1834"}],"wp:attachment":[{"href":"https:\/\/licenciadoevolua.com\/n1\/wp-json\/wp\/v2\/media?parent=21"}],"curies":[{"name":"wp","href":"https:\/\/api.w.org\/{rel}","templated":true}]}}