{"id":19,"date":"2025-01-20T19:19:22","date_gmt":"2025-01-20T19:19:22","guid":{"rendered":"https:\/\/licenciadoevolua.com\/n1\/?page_id=19"},"modified":"2025-02-03T16:52:20","modified_gmt":"2025-02-03T16:52:20","slug":"terapia-para-criancas","status":"publish","type":"page","link":"https:\/\/licenciadoevolua.com\/n1\/terapia-para-criancas\/","title":{"rendered":"Terapia para Crian\u00e7as"},"content":{"rendered":"\t\t<div data-elementor-type=\"wp-page\" data-elementor-id=\"19\" class=\"elementor elementor-19\" data-elementor-post-type=\"page\">\n\t\t\t\t<div class=\"elementor-element elementor-element-c7cda3e e-flex e-con-boxed wpr-particle-no wpr-jarallax-no wpr-parallax-no wpr-sticky-section-no wpr-equal-height-no e-con e-parent\" data-id=\"c7cda3e\" data-element_type=\"container\" data-e-type=\"container\" data-settings=\"{&quot;background_background&quot;:&quot;classic&quot;}\">\n\t\t\t\t\t<div class=\"e-con-inner\">\n\t\t\t\t<div class=\"elementor-element elementor-element-9b5ce8c elementor-widget elementor-widget-heading\" data-id=\"9b5ce8c\" data-element_type=\"widget\" data-e-type=\"widget\" data-widget_type=\"heading.default\">\n\t\t\t\t<div class=\"elementor-widget-container\">\n\t\t\t\t\t<h2 class=\"elementor-heading-title elementor-size-default\">Terapia para Crian\u00e7as<\/h2>\t\t\t\t<\/div>\n\t\t\t\t<\/div>\n\t\t\t\t\t<\/div>\n\t\t\t\t<\/div>\n\t\t<div class=\"elementor-element elementor-element-2678cfc e-flex e-con-boxed wpr-particle-no wpr-jarallax-no wpr-parallax-no wpr-sticky-section-no wpr-equal-height-no e-con e-parent\" data-id=\"2678cfc\" data-element_type=\"container\" data-e-type=\"container\">\n\t\t\t\t\t<div class=\"e-con-inner\">\n\t\t<div class=\"elementor-element elementor-element-8b52009 e-con-full animated-slow e-flex wpr-particle-no wpr-jarallax-no wpr-parallax-no wpr-sticky-section-no wpr-equal-height-no elementor-invisible e-con e-child\" data-id=\"8b52009\" data-element_type=\"container\" data-e-type=\"container\" data-settings=\"{&quot;animation&quot;:&quot;slideInLeft&quot;}\">\n\t\t\t\t<div class=\"elementor-element elementor-element-0806753 elementor-widget elementor-widget-heading\" data-id=\"0806753\" data-element_type=\"widget\" data-e-type=\"widget\" data-widget_type=\"heading.default\">\n\t\t\t\t<div class=\"elementor-widget-container\">\n\t\t\t\t\t<h2 class=\"elementor-heading-title elementor-size-default\">Terapia para crian\u00e7as<\/h2>\t\t\t\t<\/div>\n\t\t\t\t<\/div>\n\t\t\t\t<div class=\"elementor-element elementor-element-37185ba elementor-widget__width-initial elementor-widget elementor-widget-text-editor\" data-id=\"37185ba\" data-element_type=\"widget\" data-e-type=\"widget\" data-widget_type=\"text-editor.default\">\n\t\t\t\t<div class=\"elementor-widget-container\">\n\t\t\t\t\t\t\t\t\t<p>O atendimento psicol\u00f3gico de abordagem psicanal\u00edtica para crian\u00e7as busca compreender os desafios emocionais, comportamentais e relacionais que surgem nessa fase crucial do desenvolvimento. Atrav\u00e9s do brincar, da observa\u00e7\u00e3o e da intera\u00e7\u00e3o que fazemos durante as sess\u00f5es, cria-se um espa\u00e7o seguro onde a crian\u00e7a pode expressar seus sentimentos, medos e ang\u00fastias.<\/p><p>Eu atuo como uma \u201ccondutora\u201d, atrav\u00e9s das brincadeiras, conduzo o paciente a elaborar suas experi\u00eancias internas e a desenvolver recursos emocionais mais saud\u00e1veis. Essa abordagem respeita o tempo e a singularidade de cada crian\u00e7a, promovendo o autoconhecimento e o fortalecimento emocional desde cedo.<\/p>\t\t\t\t\t\t\t\t<\/div>\n\t\t\t\t<\/div>\n\t\t\t\t<div class=\"elementor-element elementor-element-880afbe elementor-widget elementor-widget-button\" data-id=\"880afbe\" data-element_type=\"widget\" data-e-type=\"widget\" data-widget_type=\"button.default\">\n\t\t\t\t<div class=\"elementor-widget-container\">\n\t\t\t\t\t\t\t\t\t<div class=\"elementor-button-wrapper\">\n\t\t\t\t\t<a class=\"elementor-button elementor-button-link elementor-size-sm\" href=\"https:\/\/wa.me\/5516991989868?text=Ol%C3%A1%2C%20gostaria%20de%20realizar%20um%20agendamento.\" target=\"_blank\">\n\t\t\t\t\t\t<span class=\"elementor-button-content-wrapper\">\n\t\t\t\t\t\t\t\t\t<span class=\"elementor-button-text\">Agende sua consulta<\/span>\n\t\t\t\t\t<\/span>\n\t\t\t\t\t<\/a>\n\t\t\t\t<\/div>\n\t\t\t\t\t\t\t\t<\/div>\n\t\t\t\t<\/div>\n\t\t\t\t<\/div>\n\t\t\t\t<div class=\"elementor-element elementor-element-b26a15b elementor-widget elementor-widget-image\" data-id=\"b26a15b\" data-element_type=\"widget\" data-e-type=\"widget\" data-widget_type=\"image.default\">\n\t\t\t\t<div class=\"elementor-widget-container\">\n\t\t\t\t\t\t\t\t\t\t\t\t\t\t\t<img fetchpriority=\"high\" decoding=\"async\" width=\"800\" height=\"581\" src=\"https:\/\/licenciadoevolua.com\/n1\/wp-content\/uploads\/2025\/01\/Sem-Titulo-2adxs.webp\" class=\"attachment-large size-large wp-image-1045\" alt=\"\" srcset=\"https:\/\/licenciadoevolua.com\/n1\/wp-content\/uploads\/2025\/01\/Sem-Titulo-2adxs.webp 930w, https:\/\/licenciadoevolua.com\/n1\/wp-content\/uploads\/2025\/01\/Sem-Titulo-2adxs-300x218.webp 300w, https:\/\/licenciadoevolua.com\/n1\/wp-content\/uploads\/2025\/01\/Sem-Titulo-2adxs-768x557.webp 768w\" sizes=\"(max-width: 800px) 100vw, 800px\" \/>\t\t\t\t\t\t\t\t\t\t\t\t\t\t\t<\/div>\n\t\t\t\t<\/div>\n\t\t\t\t\t<\/div>\n\t\t\t\t<\/div>\n\t\t\t\t<\/div>\n\t\t","protected":false},"excerpt":{"rendered":"<p>Terapia para Crian\u00e7as Terapia para crian\u00e7as O atendimento psicol\u00f3gico de abordagem psicanal\u00edtica para crian\u00e7as busca compreender os desafios emocionais, comportamentais e relacionais que surgem nessa fase crucial do desenvolvimento. Atrav\u00e9s do brincar, da observa\u00e7\u00e3o e da intera\u00e7\u00e3o que fazemos durante as sess\u00f5es, cria-se um espa\u00e7o seguro onde a crian\u00e7a pode expressar seus sentimentos, medos e ang\u00fastias. Eu atuo como uma \u201ccondutora\u201d, atrav\u00e9s das brincadeiras, conduzo o paciente a elaborar suas experi\u00eancias internas e a desenvolver recursos emocionais mais saud\u00e1veis. Essa abordagem respeita o tempo e a singularidade de cada crian\u00e7a, promovendo o autoconhecimento e o fortalecimento emocional desde cedo. Agende sua consulta<\/p>\n","protected":false},"author":1,"featured_media":0,"parent":0,"menu_order":0,"comment_status":"closed","ping_status":"closed","template":"","meta":{"_joinchat":[],"footnotes":""},"class_list":["post-19","page","type-page","status-publish","hentry"],"_links":{"self":[{"href":"https:\/\/licenciadoevolua.com\/n1\/wp-json\/wp\/v2\/pages\/19","targetHints":{"allow":["GET"]}}],"collection":[{"href":"https:\/\/licenciadoevolua.com\/n1\/wp-json\/wp\/v2\/pages"}],"about":[{"href":"https:\/\/licenciadoevolua.com\/n1\/wp-json\/wp\/v2\/types\/page"}],"author":[{"embeddable":true,"href":"https:\/\/licenciadoevolua.com\/n1\/wp-json\/wp\/v2\/users\/1"}],"replies":[{"embeddable":true,"href":"https:\/\/licenciadoevolua.com\/n1\/wp-json\/wp\/v2\/comments?post=19"}],"version-history":[{"count":73,"href":"https:\/\/licenciadoevolua.com\/n1\/wp-json\/wp\/v2\/pages\/19\/revisions"}],"predecessor-version":[{"id":1828,"href":"https:\/\/licenciadoevolua.com\/n1\/wp-json\/wp\/v2\/pages\/19\/revisions\/1828"}],"wp:attachment":[{"href":"https:\/\/licenciadoevolua.com\/n1\/wp-json\/wp\/v2\/media?parent=19"}],"curies":[{"name":"wp","href":"https:\/\/api.w.org\/{rel}","templated":true}]}}