{"id":15,"date":"2025-01-20T19:18:57","date_gmt":"2025-01-20T19:18:57","guid":{"rendered":"https:\/\/licenciadoevolua.com\/n1\/?page_id=15"},"modified":"2025-02-03T13:27:11","modified_gmt":"2025-02-03T13:27:11","slug":"localizacao","status":"publish","type":"page","link":"https:\/\/licenciadoevolua.com\/n1\/localizacao\/","title":{"rendered":"Localiza\u00e7\u00e3o"},"content":{"rendered":"\t\t<div data-elementor-type=\"wp-page\" data-elementor-id=\"15\" class=\"elementor elementor-15\" data-elementor-post-type=\"page\">\n\t\t\t\t<div class=\"elementor-element elementor-element-0925027 e-flex e-con-boxed wpr-particle-no wpr-jarallax-no wpr-parallax-no wpr-sticky-section-no wpr-equal-height-no e-con e-parent\" data-id=\"0925027\" data-element_type=\"container\" data-e-type=\"container\" data-settings=\"{&quot;background_background&quot;:&quot;classic&quot;}\">\n\t\t\t\t\t<div class=\"e-con-inner\">\n\t\t\t\t<div class=\"elementor-element elementor-element-c22f52b elementor-widget elementor-widget-heading\" data-id=\"c22f52b\" data-element_type=\"widget\" data-e-type=\"widget\" data-widget_type=\"heading.default\">\n\t\t\t\t<div class=\"elementor-widget-container\">\n\t\t\t\t\t<h2 class=\"elementor-heading-title elementor-size-default\">Localiza\u00e7\u00e3o<\/h2>\t\t\t\t<\/div>\n\t\t\t\t<\/div>\n\t\t\t\t\t<\/div>\n\t\t\t\t<\/div>\n\t\t<div class=\"elementor-element elementor-element-1ca9aaf e-flex e-con-boxed wpr-particle-no wpr-jarallax-no wpr-parallax-no wpr-sticky-section-no wpr-equal-height-no e-con e-parent\" data-id=\"1ca9aaf\" data-element_type=\"container\" data-e-type=\"container\">\n\t\t\t\t\t<div class=\"e-con-inner\">\n\t\t<div class=\"elementor-element elementor-element-93c22fb e-con-full e-flex wpr-particle-no wpr-jarallax-no wpr-parallax-no wpr-sticky-section-no wpr-equal-height-no e-con e-child\" data-id=\"93c22fb\" data-element_type=\"container\" data-e-type=\"container\">\n\t\t\t\t<div class=\"elementor-element elementor-element-732965f elementor-widget__width-initial elementor-widget elementor-widget-heading\" data-id=\"732965f\" data-element_type=\"widget\" data-e-type=\"widget\" data-widget_type=\"heading.default\">\n\t\t\t\t<div class=\"elementor-widget-container\">\n\t\t\t\t\t<h2 class=\"elementor-heading-title elementor-size-default\">Brasil<\/h2>\t\t\t\t<\/div>\n\t\t\t\t<\/div>\n\t\t\t\t<div class=\"elementor-element elementor-element-4903cf5 elementor-widget__width-initial elementor-widget elementor-widget-text-editor\" data-id=\"4903cf5\" data-element_type=\"widget\" data-e-type=\"widget\" data-widget_type=\"text-editor.default\">\n\t\t\t\t<div class=\"elementor-widget-container\">\n\t\t\t\t\t\t\t\t\t<p>Rua Capit\u00e3o Adelmio Norberto da Silva, 587, sala 16 &#8211; Alto da Boa Vista &#8211; Ribeir\u00e3o Preto &#8211; SP<\/p>\t\t\t\t\t\t\t\t<\/div>\n\t\t\t\t<\/div>\n\t\t\t\t<\/div>\n\t\t\t\t<div class=\"elementor-element elementor-element-bfe4370 elementor-widget__width-initial elementor-widget elementor-widget-google_maps\" data-id=\"bfe4370\" data-element_type=\"widget\" data-e-type=\"widget\" data-widget_type=\"google_maps.default\">\n\t\t\t\t<div class=\"elementor-widget-container\">\n\t\t\t\t\t\t\t<div class=\"elementor-custom-embed\">\n\t\t\t<iframe loading=\"lazy\"\n\t\t\t\t\tsrc=\"https:\/\/maps.google.com\/maps?q=Rua%20Capit%C3%A3o%20Adelmio%20Norberto%20da%20Silva%2C%20587%2C%20sala%2016%20-%20Alto%20da%20Boa%20Vista%20-%20Ribeir%C3%A3o%20Preto%20-%20SP&#038;t=m&#038;z=9&#038;output=embed&#038;iwloc=near\"\n\t\t\t\t\ttitle=\"Rua Capit\u00e3o Adelmio Norberto da Silva, 587, sala 16 - Alto da Boa Vista - Ribeir\u00e3o Preto - SP\"\n\t\t\t\t\taria-label=\"Rua Capit\u00e3o Adelmio Norberto da Silva, 587, sala 16 - Alto da Boa Vista - Ribeir\u00e3o Preto - SP\"\n\t\t\t><\/iframe>\n\t\t<\/div>\n\t\t\t\t\t\t<\/div>\n\t\t\t\t<\/div>\n\t\t\t\t\t<\/div>\n\t\t\t\t<\/div>\n\t\t\t\t<\/div>\n\t\t","protected":false},"excerpt":{"rendered":"<p>Localiza\u00e7\u00e3o Brasil Rua Capit\u00e3o Adelmio Norberto da Silva, 587, sala 16 &#8211; Alto da Boa Vista &#8211; Ribeir\u00e3o Preto &#8211; SP<\/p>\n","protected":false},"author":1,"featured_media":0,"parent":0,"menu_order":0,"comment_status":"closed","ping_status":"closed","template":"","meta":{"_joinchat":[],"footnotes":""},"class_list":["post-15","page","type-page","status-publish","hentry"],"_links":{"self":[{"href":"https:\/\/licenciadoevolua.com\/n1\/wp-json\/wp\/v2\/pages\/15","targetHints":{"allow":["GET"]}}],"collection":[{"href":"https:\/\/licenciadoevolua.com\/n1\/wp-json\/wp\/v2\/pages"}],"about":[{"href":"https:\/\/licenciadoevolua.com\/n1\/wp-json\/wp\/v2\/types\/page"}],"author":[{"embeddable":true,"href":"https:\/\/licenciadoevolua.com\/n1\/wp-json\/wp\/v2\/users\/1"}],"replies":[{"embeddable":true,"href":"https:\/\/licenciadoevolua.com\/n1\/wp-json\/wp\/v2\/comments?post=15"}],"version-history":[{"count":49,"href":"https:\/\/licenciadoevolua.com\/n1\/wp-json\/wp\/v2\/pages\/15\/revisions"}],"predecessor-version":[{"id":1752,"href":"https:\/\/licenciadoevolua.com\/n1\/wp-json\/wp\/v2\/pages\/15\/revisions\/1752"}],"wp:attachment":[{"href":"https:\/\/licenciadoevolua.com\/n1\/wp-json\/wp\/v2\/media?parent=15"}],"curies":[{"name":"wp","href":"https:\/\/api.w.org\/{rel}","templated":true}]}}