{"id":11,"date":"2025-01-20T19:18:14","date_gmt":"2025-01-20T19:18:14","guid":{"rendered":"https:\/\/licenciadoevolua.com\/n1\/?page_id=11"},"modified":"2025-02-03T16:53:43","modified_gmt":"2025-02-03T16:53:43","slug":"quem-sou","status":"publish","type":"page","link":"https:\/\/licenciadoevolua.com\/n1\/quem-sou\/","title":{"rendered":"Quem sou"},"content":{"rendered":"\t\t<div data-elementor-type=\"wp-page\" data-elementor-id=\"11\" class=\"elementor elementor-11\" data-elementor-post-type=\"page\">\n\t\t\t\t<div class=\"elementor-element elementor-element-f5a7922 e-flex e-con-boxed wpr-particle-no wpr-jarallax-no wpr-parallax-no wpr-sticky-section-no wpr-equal-height-no e-con e-parent\" data-id=\"f5a7922\" data-element_type=\"container\" data-e-type=\"container\" data-settings=\"{&quot;background_background&quot;:&quot;classic&quot;}\">\n\t\t\t\t\t<div class=\"e-con-inner\">\n\t\t\t\t<div class=\"elementor-element elementor-element-92f70d7 elementor-widget elementor-widget-heading\" data-id=\"92f70d7\" data-element_type=\"widget\" data-e-type=\"widget\" data-widget_type=\"heading.default\">\n\t\t\t\t<div class=\"elementor-widget-container\">\n\t\t\t\t\t<h2 class=\"elementor-heading-title elementor-size-default\">Quem Sou<\/h2>\t\t\t\t<\/div>\n\t\t\t\t<\/div>\n\t\t\t\t\t<\/div>\n\t\t\t\t<\/div>\n\t\t<div class=\"elementor-element elementor-element-dc7b24b e-flex e-con-boxed wpr-particle-no wpr-jarallax-no wpr-parallax-no wpr-sticky-section-no wpr-equal-height-no e-con e-parent\" data-id=\"dc7b24b\" data-element_type=\"container\" data-e-type=\"container\">\n\t\t\t\t\t<div class=\"e-con-inner\">\n\t\t<div class=\"elementor-element elementor-element-a796b98 e-con-full animated-slow e-flex wpr-particle-no wpr-jarallax-no wpr-parallax-no wpr-sticky-section-no wpr-equal-height-no elementor-invisible e-con e-child\" data-id=\"a796b98\" data-element_type=\"container\" data-e-type=\"container\" data-settings=\"{&quot;animation&quot;:&quot;slideInLeft&quot;}\">\n\t\t\t\t<div class=\"elementor-element elementor-element-8f90cb6 elementor-widget elementor-widget-heading\" data-id=\"8f90cb6\" data-element_type=\"widget\" data-e-type=\"widget\" data-widget_type=\"heading.default\">\n\t\t\t\t<div class=\"elementor-widget-container\">\n\t\t\t\t\t<h2 class=\"elementor-heading-title elementor-size-default\">Quem \u00e9 Flavia Ferreira<\/h2>\t\t\t\t<\/div>\n\t\t\t\t<\/div>\n\t\t\t\t<div class=\"elementor-element elementor-element-0832723 elementor-widget elementor-widget-text-editor\" data-id=\"0832723\" data-element_type=\"widget\" data-e-type=\"widget\" data-widget_type=\"text-editor.default\">\n\t\t\t\t<div class=\"elementor-widget-container\">\n\t\t\t\t\t\t\t\t\t<p>Sou Fl\u00e1via, pedagoga formada pela Universidade de S\u00e3o Paulo (USP), com uma trajet\u00f3ria dedicada \u00e0 educa\u00e7\u00e3o e ao desenvolvimento humano. Iniciei minha carreira como professora no estado de S\u00e3o Paulo em 2006 e, desde 2009, atuo no ensino fundamental I pela Prefeitura de Ribeir\u00e3o Preto. Aprofundei meus estudos com forma\u00e7\u00e3o em Psicopedagogia pelo Centro Universit\u00e1rio Bar\u00e3o de Mau\u00e1 e, posteriormente, graduei-me em Psicologia pela Universidade Paulista (UNIP).<\/p><p>Atualmente, realizo atendimentos cl\u00ednicos com orienta\u00e7\u00e3o psicanal\u00edtica, acolhendo crian\u00e7as, adolescentes e adultos em suas jornadas de autoconhecimento e transforma\u00e7\u00e3o. Estou em processo de especializa\u00e7\u00e3o em Teorias e T\u00e9cnicas Psicanal\u00edticas pelo Instituto de Estudos Psicanal\u00edticos (IEP) (2024-2025), buscando constantemente aprimorar minha pr\u00e1tica profissional. Minha miss\u00e3o \u00e9 integrar educa\u00e7\u00e3o e sa\u00fade mental, oferecendo um espa\u00e7o de escuta e cuidado para aqueles que buscam compreens\u00e3o e crescimento.<\/p>\t\t\t\t\t\t\t\t<\/div>\n\t\t\t\t<\/div>\n\t\t\t\t<div class=\"elementor-element elementor-element-3c174f1 elementor-widget elementor-widget-button\" data-id=\"3c174f1\" data-element_type=\"widget\" data-e-type=\"widget\" data-widget_type=\"button.default\">\n\t\t\t\t<div class=\"elementor-widget-container\">\n\t\t\t\t\t\t\t\t\t<div class=\"elementor-button-wrapper\">\n\t\t\t\t\t<a class=\"elementor-button elementor-button-link elementor-size-sm\" href=\"https:\/\/wa.me\/5516991989868?text=Ol%C3%A1%2C%20gostaria%20de%20realizar%20um%20agendamento.\" target=\"_blank\">\n\t\t\t\t\t\t<span class=\"elementor-button-content-wrapper\">\n\t\t\t\t\t\t\t\t\t<span class=\"elementor-button-text\">Agende sua consulta<\/span>\n\t\t\t\t\t<\/span>\n\t\t\t\t\t<\/a>\n\t\t\t\t<\/div>\n\t\t\t\t\t\t\t\t<\/div>\n\t\t\t\t<\/div>\n\t\t\t\t<\/div>\n\t\t\t\t<div class=\"elementor-element elementor-element-42bad38 elementor-widget__width-initial elementor-hidden-mobile elementor-widget elementor-widget-image\" data-id=\"42bad38\" data-element_type=\"widget\" data-e-type=\"widget\" data-widget_type=\"image.default\">\n\t\t\t\t<div class=\"elementor-widget-container\">\n\t\t\t\t\t\t\t\t\t\t\t\t\t\t\t<img fetchpriority=\"high\" decoding=\"async\" width=\"800\" height=\"574\" src=\"https:\/\/licenciadoevolua.com\/n1\/wp-content\/uploads\/2025\/01\/Sem-Titulo-1DA-1024x735.webp\" class=\"attachment-large size-large wp-image-1436\" alt=\"\" srcset=\"https:\/\/licenciadoevolua.com\/n1\/wp-content\/uploads\/2025\/01\/Sem-Titulo-1DA-1024x735.webp 1024w, https:\/\/licenciadoevolua.com\/n1\/wp-content\/uploads\/2025\/01\/Sem-Titulo-1DA-300x215.webp 300w, https:\/\/licenciadoevolua.com\/n1\/wp-content\/uploads\/2025\/01\/Sem-Titulo-1DA-768x551.webp 768w, https:\/\/licenciadoevolua.com\/n1\/wp-content\/uploads\/2025\/01\/Sem-Titulo-1DA.webp 1083w\" sizes=\"(max-width: 800px) 100vw, 800px\" \/>\t\t\t\t\t\t\t\t\t\t\t\t\t\t\t<\/div>\n\t\t\t\t<\/div>\n\t\t\t\t<div class=\"elementor-element elementor-element-46d6a7d elementor-hidden-desktop elementor-hidden-tablet elementor-widget elementor-widget-image\" data-id=\"46d6a7d\" data-element_type=\"widget\" data-e-type=\"widget\" data-widget_type=\"image.default\">\n\t\t\t\t<div class=\"elementor-widget-container\">\n\t\t\t\t\t\t\t\t\t\t\t\t\t\t\t<img fetchpriority=\"high\" decoding=\"async\" width=\"800\" height=\"574\" src=\"https:\/\/licenciadoevolua.com\/n1\/wp-content\/uploads\/2025\/01\/Sem-Titulo-1DA-1024x735.webp\" class=\"attachment-large size-large wp-image-1436\" alt=\"\" srcset=\"https:\/\/licenciadoevolua.com\/n1\/wp-content\/uploads\/2025\/01\/Sem-Titulo-1DA-1024x735.webp 1024w, https:\/\/licenciadoevolua.com\/n1\/wp-content\/uploads\/2025\/01\/Sem-Titulo-1DA-300x215.webp 300w, https:\/\/licenciadoevolua.com\/n1\/wp-content\/uploads\/2025\/01\/Sem-Titulo-1DA-768x551.webp 768w, https:\/\/licenciadoevolua.com\/n1\/wp-content\/uploads\/2025\/01\/Sem-Titulo-1DA.webp 1083w\" sizes=\"(max-width: 800px) 100vw, 800px\" \/>\t\t\t\t\t\t\t\t\t\t\t\t\t\t\t<\/div>\n\t\t\t\t<\/div>\n\t\t\t\t\t<\/div>\n\t\t\t\t<\/div>\n\t\t\t\t<\/div>\n\t\t","protected":false},"excerpt":{"rendered":"<p>Quem Sou Quem \u00e9 Flavia Ferreira Sou Fl\u00e1via, pedagoga formada pela Universidade de S\u00e3o Paulo (USP), com uma trajet\u00f3ria dedicada \u00e0 educa\u00e7\u00e3o e ao desenvolvimento humano. Iniciei minha carreira como professora no estado de S\u00e3o Paulo em 2006 e, desde 2009, atuo no ensino fundamental I pela Prefeitura de Ribeir\u00e3o Preto. Aprofundei meus estudos com forma\u00e7\u00e3o em Psicopedagogia pelo Centro Universit\u00e1rio Bar\u00e3o de Mau\u00e1 e, posteriormente, graduei-me em Psicologia pela Universidade Paulista (UNIP). Atualmente, realizo atendimentos cl\u00ednicos com orienta\u00e7\u00e3o psicanal\u00edtica, acolhendo crian\u00e7as, adolescentes e adultos em suas jornadas de autoconhecimento e transforma\u00e7\u00e3o. Estou em processo de especializa\u00e7\u00e3o em Teorias e T\u00e9cnicas Psicanal\u00edticas pelo Instituto de Estudos Psicanal\u00edticos (IEP) (2024-2025), buscando constantemente aprimorar minha pr\u00e1tica profissional. Minha miss\u00e3o \u00e9 integrar educa\u00e7\u00e3o e sa\u00fade mental, oferecendo um espa\u00e7o de escuta e cuidado para aqueles que buscam compreens\u00e3o e crescimento. Agende sua consulta<\/p>\n","protected":false},"author":1,"featured_media":0,"parent":0,"menu_order":0,"comment_status":"closed","ping_status":"closed","template":"","meta":{"_joinchat":[],"footnotes":""},"class_list":["post-11","page","type-page","status-publish","hentry"],"_links":{"self":[{"href":"https:\/\/licenciadoevolua.com\/n1\/wp-json\/wp\/v2\/pages\/11","targetHints":{"allow":["GET"]}}],"collection":[{"href":"https:\/\/licenciadoevolua.com\/n1\/wp-json\/wp\/v2\/pages"}],"about":[{"href":"https:\/\/licenciadoevolua.com\/n1\/wp-json\/wp\/v2\/types\/page"}],"author":[{"embeddable":true,"href":"https:\/\/licenciadoevolua.com\/n1\/wp-json\/wp\/v2\/users\/1"}],"replies":[{"embeddable":true,"href":"https:\/\/licenciadoevolua.com\/n1\/wp-json\/wp\/v2\/comments?post=11"}],"version-history":[{"count":133,"href":"https:\/\/licenciadoevolua.com\/n1\/wp-json\/wp\/v2\/pages\/11\/revisions"}],"predecessor-version":[{"id":1840,"href":"https:\/\/licenciadoevolua.com\/n1\/wp-json\/wp\/v2\/pages\/11\/revisions\/1840"}],"wp:attachment":[{"href":"https:\/\/licenciadoevolua.com\/n1\/wp-json\/wp\/v2\/media?parent=11"}],"curies":[{"name":"wp","href":"https:\/\/api.w.org\/{rel}","templated":true}]}}